{"id":1705,"date":"2015-10-22T12:01:04","date_gmt":"2015-10-22T10:01:04","guid":{"rendered":"https:\/\/www.muetec-instruments.de\/en\/signal-converters\/hutschienengeraete\/"},"modified":"2025-03-20T14:44:13","modified_gmt":"2025-03-20T13:44:13","slug":"din-rail-devices","status":"publish","type":"page","link":"https:\/\/muetec-instruments.de\/en\/products\/signal-converters\/din-rail-devices\/","title":{"rendered":"SIL2-Din rail devices"},"content":{"rendered":"<div class=\"row\">\n<div class=\"ls-col-md-5 \">\n<p><img loading=\"lazy\" class=\"alignnone wp-image-6250\" src=\"https:\/\/muetec-instruments.de\/wp-content\/uploads\/2022\/08\/Website_preview.png\" alt=\"Sichere Spannungs\u00fcberwachung 1000V\" width=\"259\" height=\"189\" srcset=\"https:\/\/muetec-instruments.de\/wp-content\/uploads\/2022\/08\/Website_preview.png 836w, https:\/\/muetec-instruments.de\/wp-content\/uploads\/2022\/08\/Website_preview-300x219.png 300w, https:\/\/muetec-instruments.de\/wp-content\/uploads\/2022\/08\/Website_preview-768x559.png 768w\" sizes=\"(max-width: 259px) 100vw, 259px\" \/><\/p>\n<\/div>\n<div class=\"ls-col-md-7 \">\n<h2>HVT 300-DX<\/h2>\n<p>Safe SIL2 voltage monitoring for 1,000VDC according to IEC\/EN 61508. The transmitter in DuoTec technology with self-monitoring is mainly used to monitor the voltage in high-voltage test benches in the automotive industry or to measure the total voltage on electrolyser stacks.<\/p>\n<p><a title=\"Voltage Monitoring Transmitter\" href=\"https:\/\/muetec-instruments.de\/en\/products\/signal-converters\/din-rail-devices\/voltage-monitoring-transmitter\/\">Further information \u00bb<\/a><\/p>\n<\/div>\n<\/div>\n<div class=\"hr\"><hr \/><\/div>\n<div class=\"row\">\n<div class=\"ls-col-md-5 \">\n<p><img loading=\"lazy\" class=\"alignnone wp-image-6248\" src=\"https:\/\/muetec-instruments.de\/wp-content\/uploads\/2022\/08\/Website_preview-1.png\" alt=\"Sichere Spannungs\u00fcberwachung bis 1500V\" width=\"259\" height=\"192\" srcset=\"https:\/\/muetec-instruments.de\/wp-content\/uploads\/2022\/08\/Website_preview-1.png 835w, https:\/\/muetec-instruments.de\/wp-content\/uploads\/2022\/08\/Website_preview-1-300x222.png 300w, https:\/\/muetec-instruments.de\/wp-content\/uploads\/2022\/08\/Website_preview-1-768x568.png 768w\" sizes=\"(max-width: 259px) 100vw, 259px\" \/><\/p>\n<\/div>\n<div class=\"ls-col-md-7 \">\n<h2>HVT 400-DX<\/h2>\n<p>Safe SIL2 voltage monitoring for 1,500V according to IEC\/EN 61508. With voltages of 1,200V and more, the latest generation of eMobility Powertrains poses some challenges for test benches and their safety. The transmitter in DuoTec technology with self-monitoring features high dielectric strength and has been specially developed for current and upcoming industry requirements.<\/p>\n<p><a title=\"Voltage Monitoring Transmitter\" href=\"https:\/\/muetec-instruments.de\/en\/products\/signal-converters\/din-rail-devices\/sil2-voltage-monitoring-transmitter-hvt-400-dx\/\">Further information \u00bb<\/a><\/p>\n<\/div>\n<\/div>\n<div class=\"hr\"><hr \/><\/div>\n<div class=\"row\">\n<div class=\"ls-col-md-5 \">\n<p><img loading=\"lazy\" class=\"alignnone wp-image-6252\" src=\"https:\/\/muetec-instruments.de\/wp-content\/uploads\/2022\/08\/Website_preview-3.png\" alt=\"HVT 300-DV sichere Shuntstrommessung f\u00fcr Elektrolyseure\" width=\"260\" height=\"195\" srcset=\"https:\/\/muetec-instruments.de\/wp-content\/uploads\/2022\/08\/Website_preview-3.png 844w, https:\/\/muetec-instruments.de\/wp-content\/uploads\/2022\/08\/Website_preview-3-300x225.png 300w, https:\/\/muetec-instruments.de\/wp-content\/uploads\/2022\/08\/Website_preview-3-600x450.png 600w, https:\/\/muetec-instruments.de\/wp-content\/uploads\/2022\/08\/Website_preview-3-768x575.png 768w\" sizes=\"(max-width: 260px) 100vw, 260px\" \/><\/p>\n<\/div>\n<div class=\"ls-col-md-7 \">\n<h2>HVT 300-DV<\/h2>\n<p>For hydrogen production, safety-related shunt current measurement is a critical parameter in electrolysers. For both chlor-alkali electrolysers and PEM stacks, the SIL2 mV transmitter HVT 300-DV is used. The DuoTec technology with self-monitoring according to IEC\/EN 61508 ensures a high level of safety, reliability and durability.<\/p>\n<p><a title=\"MV Transmitter\" href=\"https:\/\/muetec-instruments.de\/en\/products\/signal-converters\/din-rail-devices\/mv-transmitter\/\">Further information \u00bb<\/a><\/p>\n<\/div>\n<\/div>\n<div class=\"hr\"><hr \/><\/div>\n<div class=\"row\">\n<div class=\"ls-col-md-5 \">\n<p><img loading=\"lazy\" class=\"alignnone wp-image-6257\" src=\"https:\/\/muetec-instruments.de\/wp-content\/uploads\/2022\/08\/Website_preview-5.png\" alt=\"HVT 300-DP Balancespannungs\u00fcberwachung f\u00fcr Elektrolyseure und Batteriepr\u00fcfung\" width=\"259\" height=\"188\" srcset=\"https:\/\/muetec-instruments.de\/wp-content\/uploads\/2022\/08\/Website_preview-5.png 835w, https:\/\/muetec-instruments.de\/wp-content\/uploads\/2022\/08\/Website_preview-5-300x217.png 300w, https:\/\/muetec-instruments.de\/wp-content\/uploads\/2022\/08\/Website_preview-5-768x556.png 768w\" sizes=\"(max-width: 259px) 100vw, 259px\" \/><\/p>\n<\/div>\n<div class=\"ls-col-md-7 \">\n<h2>HVT 300-DP<\/h2>\n<p>SIL2 voltage control system for monitoring balance voltages in electrolysers. The accurate measurement makes the detection of cell and membrane defects easy and cost-effective. The DuoTec technology with self-monitoring according to IEC\/EN 61508 ensures a high level of safety, reliability and durability.<\/p>\n<p><a title=\"Voltage Control System\" href=\"https:\/\/muetec-instruments.de\/en\/products\/signal-converters\/din-rail-devices\/voltage-control-system\/\">Further information \u00bb<\/a><\/p>\n<\/div>\n<\/div>\n<div class=\"hr\"><hr \/><\/div>\n<div class=\"row\">\n<div class=\"ls-col-md-5 \">\n<p><a title=\"Thermocouple Transmitter\" href=\"https:\/\/muetec-instruments.de\/en\/products\/signal-converters\/din-rail-devices\/thermocouple-transmitter\/\"><img loading=\"lazy\" class=\"alignnone\" src=\"https:\/\/muetec-instruments.de\/wp-content\/uploads\/2015\/11\/MTP_300i_SIL-Preview.png\" alt=\"\" width=\"260\" height=\"176\" \/><\/a><\/p>\n<\/div>\n<div class=\"ls-col-md-7 \">\n<h2>MTP 300I SIL<\/h2>\n<p>High speed SIL2-thermocouple transmitter<\/p>\n<p><strong>ATEX Version<\/strong><\/p>\n<p>Input \/ Output: II 2(1)G Ex ib [ia Ga] IIC T4 Gb<\/p>\n<p><a title=\"Thermocouple Transmitter\" href=\"https:\/\/muetec-instruments.de\/en\/products\/signal-converters\/din-rail-devices\/thermocouple-transmitter\/\">Further information \u00bb<\/a><\/p>\n<\/div>\n<\/div>\n<div class=\"hr\"><hr \/><\/div>\n<div class=\"row\">\n<div class=\"ls-col-md-5 \">\n<p><img loading=\"lazy\" class=\"alignnone wp-image-6249\" src=\"https:\/\/muetec-instruments.de\/wp-content\/uploads\/2022\/08\/Website_preview-2.png\" alt=\"Ultraschneller Temperturtransmitter\" width=\"260\" height=\"193\" srcset=\"https:\/\/muetec-instruments.de\/wp-content\/uploads\/2022\/08\/Website_preview-2.png 835w, https:\/\/muetec-instruments.de\/wp-content\/uploads\/2022\/08\/Website_preview-2-300x222.png 300w, https:\/\/muetec-instruments.de\/wp-content\/uploads\/2022\/08\/Website_preview-2-768x569.png 768w\" sizes=\"(max-width: 260px) 100vw, 260px\" \/><\/p>\n<\/div>\n<div class=\"ls-col-md-7 \">\n<h2>MTP 302i SIL<\/h2>\n<p>Latest generation of the SIL2 thermocouple transmitter with additional analog output.<\/p>\n<p><strong>ATEX-Version<\/strong><\/p>\n<p>Input \/ Output: II 2(1)G Ex ib [ia Ga] IIC T4 Gb<\/p>\n<p><a title=\"Thermocouple Transmitter\" href=\"https:\/\/muetec-instruments.de\/en\/products\/signal-converters\/din-rail-devices\/high-speed-sil2-thermocouple-transmitter-mtp-302\/\">Further information \u00bb<\/a><\/p>\n<\/div>\n<\/div>\n<div class=\"hr\"><hr \/><\/div>\n<div class=\"row\">\n<div class=\"ls-col-md-5 \">\n<p><a title=\"Universal Transmitter\" href=\"https:\/\/muetec-instruments.de\/en\/products\/signal-converters\/din-rail-devices\/universal-transmitter\/\"><img loading=\"lazy\" class=\"alignnone\" src=\"https:\/\/muetec-instruments.de\/wp-content\/uploads\/2015\/11\/MTP_200ia_TE-Preview.png\" alt=\"\" width=\"260\" height=\"176\" \/><\/a><\/p>\n<\/div>\n<div class=\"ls-col-md-7 \">\n<h2>MTP 200-TE<\/h2>\n<p>SIL2-Universal measuring transmitter in DuoTec-Failsafe Technology with self-monitoring<\/p>\n<p><strong>ATEX Version<\/strong><\/p>\n<p>Input: II (1) G [Ex ia Ga] IIC<\/p>\n<p><a title=\"Universal Transmitter\" href=\"https:\/\/muetec-instruments.de\/en\/products\/signal-converters\/din-rail-devices\/universal-transmitter\/\">Further information \u00bb<\/a><\/p>\n<\/div>\n<\/div>\n<div class=\"hr\"><hr \/><\/div>\n<div class=\"row\">\n<div class=\"ls-col-md-5 \">\n<p><a title=\"Transmitter Power Supply\" href=\"https:\/\/muetec-instruments.de\/en\/products\/signal-converters\/din-rail-devices\/transmitter-power-supply\/\"><img loading=\"lazy\" class=\"alignnone\" src=\"https:\/\/muetec-instruments.de\/wp-content\/uploads\/2015\/11\/MSK_200i_TE-Prewview.png\" alt=\"\" width=\"260\" height=\"176\" \/><\/a><\/p>\n<\/div>\n<div class=\"ls-col-md-7 \">\n<h2>MSK 200-TE<\/h2>\n<p>SIL2-transmitter supply unit in DuoTec-Failsafe Technology with self-monitoring for the supply of 2-wire transmitter<\/p>\n<p><strong>ATEX Version<\/strong><\/p>\n<p>Input: II (1) G [Ex ia Ga] IIC<\/p>\n<p><a title=\"Transmitter Power Supply\" href=\"https:\/\/muetec-instruments.de\/en\/products\/signal-converters\/din-rail-devices\/transmitter-power-supply\/\">Further information \u00bb<\/a><\/p>\n<\/div>\n<\/div>\n<div class=\"hr\"><hr \/><\/div>\n<div class=\"row\">\n<div class=\"ls-col-md-5 \">\n<p><img loading=\"lazy\" class=\"alignnone wp-image-6803\" src=\"https:\/\/muetec-instruments.de\/wp-content\/uploads\/2024\/04\/hvd-150x150.png\" alt=\"\" width=\"182\" height=\"193\" srcset=\"https:\/\/muetec-instruments.de\/wp-content\/uploads\/2024\/04\/hvd-283x300.png 283w, https:\/\/muetec-instruments.de\/wp-content\/uploads\/2024\/04\/hvd-768x815.png 768w, https:\/\/muetec-instruments.de\/wp-content\/uploads\/2024\/04\/hvd.png 948w\" sizes=\"(max-width: 182px) 100vw, 182px\" \/><\/p>\n<\/div>\n<div class=\"ls-col-md-7 \">\n<h2>HVD 450<\/h2>\n<p>High Voltage Discharger &#8211; The HVD 450 is a unique, wear-free switching and management system for discharging high voltage DC links.<\/p>\n<p><a title=\"Power Supply With 2 Outputs\" href=\"https:\/\/muetec-instruments.de\/en\/products\/signal-converters\/din-rail-devices\/highvoltagedischarger_hvd450\/\">Further information \u00bb<\/a><\/p>\n<\/div>\n<\/div>\n<div class=\"hr\"><hr \/><\/div>\n","protected":false},"excerpt":{"rendered":"","protected":false},"author":2,"featured_media":0,"parent":1703,"menu_order":24,"comment_status":"closed","ping_status":"closed","template":"","meta":[],"_links":{"self":[{"href":"https:\/\/muetec-instruments.de\/en\/wp-json\/wp\/v2\/pages\/1705"}],"collection":[{"href":"https:\/\/muetec-instruments.de\/en\/wp-json\/wp\/v2\/pages"}],"about":[{"href":"https:\/\/muetec-instruments.de\/en\/wp-json\/wp\/v2\/types\/page"}],"author":[{"embeddable":true,"href":"https:\/\/muetec-instruments.de\/en\/wp-json\/wp\/v2\/users\/2"}],"replies":[{"embeddable":true,"href":"https:\/\/muetec-instruments.de\/en\/wp-json\/wp\/v2\/comments?post=1705"}],"version-history":[{"count":26,"href":"https:\/\/muetec-instruments.de\/en\/wp-json\/wp\/v2\/pages\/1705\/revisions"}],"predecessor-version":[{"id":7165,"href":"https:\/\/muetec-instruments.de\/en\/wp-json\/wp\/v2\/pages\/1705\/revisions\/7165"}],"up":[{"embeddable":true,"href":"https:\/\/muetec-instruments.de\/en\/wp-json\/wp\/v2\/pages\/1703"}],"wp:attachment":[{"href":"https:\/\/muetec-instruments.de\/en\/wp-json\/wp\/v2\/media?parent=1705"}],"curies":[{"name":"wp","href":"https:\/\/api.w.org\/{rel}","templated":true}]}}